{"id":172,"date":"2016-01-29T13:27:12","date_gmt":"2016-01-29T18:27:12","guid":{"rendered":"http:\/\/eudorogranada.edu.co\/?page_id=172"},"modified":"2019-07-30T16:53:47","modified_gmt":"2019-07-30T21:53:47","slug":"pruebas-saber","status":"publish","type":"page","link":"https:\/\/eudorogranada.edu.co\/?page_id=172","title":{"rendered":"PRUEBAS SABER"},"content":{"rendered":"<p><span style=\"font-size: large;\">FORMULARIOS ICFES (sitio oficial)<\/span><br \/>\n<a href=\"https:\/\/docs.google.com\/forms\/d\/e\/1FAIpQLScIrk7E0xEpa_JslvQQriwkyVEwxcVP30LsDzSodW0r79EKTA\/viewform\" target=\"_blank\" rel=\"noopener noreferrer\">Ciencias Naturales I (1 &#8211; 24)<\/a><br \/>\n<a href=\"https:\/\/docs.google.com\/forms\/d\/e\/1FAIpQLSezMLL68JMWxJ2ei321Rmb-tOdPdHN7_3rnBRNztMRMqkjBMg\/viewform\" target=\"_blank\" rel=\"noopener noreferrer\">Ciencias Naturales I (25 &#8211; 49)<\/a><br \/>\n<a href=\"https:\/\/docs.google.com\/forms\/d\/e\/1FAIpQLSd5MI36bY2g0qzdGRTzMfDDIa3eJLpugV_778Hmmtnff9u_Kg\/viewform\" target=\"_blank\" rel=\"noopener noreferrer\">Ciencias Sociales (GA)<\/a><\/p>\n<p>&nbsp;<\/p>\n<p><span style=\"font-size: large;\">SIMULACROS PRUEBAS SABER 11 &#8211; REPILOS EL TIEMPO<\/span><br \/>\n<a href=\"https:\/\/goo.gl\/forms\/fZrdbEfl7oMZAR6u1\" target=\"_blank\" rel=\"noopener noreferrer\">Lectura cr\u00edtica &#8211; \u00a0Salida 01<\/a><br \/>\n<a href=\"https:\/\/goo.gl\/forms\/V3pqPEZr18evSc303\" target=\"_blank\" rel=\"noopener noreferrer\">Matem\u00e1ticas &#8211; \u00a0Salida 02<\/a><br \/>\n<a href=\"https:\/\/goo.gl\/forms\/KQJfFjJ5OYx27RVw2\" target=\"_blank\" rel=\"noopener noreferrer\">Ciencias Naturales &#8211; \u00a0Salida 03<\/a><br \/>\n<a href=\"https:\/\/docs.google.com\/a\/eudorogranada.edu.co\/forms\/d\/e\/1FAIpQLSckhJSmlinR35jFR6DRYc03GMCx_E3DeQq6fXtNXx1065Fp2g\/viewform\" target=\"_blank\" rel=\"noopener noreferrer\">Competencias Ciudadanas &#8211; Salida 04<\/a><br \/>\n<a href=\"https:\/\/goo.gl\/forms\/RzOL1Sl5iFOI9vC93\" target=\"_blank\" rel=\"noopener noreferrer\">Ingl\u00e9s &#8211; Salida 05<\/a><br \/>\n<a href=\"https:\/\/docs.google.com\/a\/eudorogranada.edu.co\/forms\/d\/e\/1FAIpQLSfcQZZwcpuhT_LOHs5SWnQz2_87tZk9yF0oLgfzR1wfb8EwQA\/viewform\" target=\"_blank\" rel=\"noopener noreferrer\">Lectura Cr\u00edtica &#8211; Salida 06<\/a><br \/>\n<a href=\"https:\/\/goo.gl\/forms\/V4JG8lhm68qGbsJF2\" target=\"_blank\" rel=\"noopener noreferrer\">Matem\u00e1ticas &#8211;\u00a0Salida 07<\/a><br \/>\n<a href=\"https:\/\/docs.google.com\/forms\/d\/e\/1FAIpQLSdKhAfSzMdeTfQSO8k6hA0gAkmIBvjdIsc4bcO4JhukD_Mn-Q\/viewform\" target=\"_blank\" rel=\"noopener noreferrer\">Ciencias Naturales \u00a0&#8211; Salida 08<\/a><br \/>\n<a href=\"https:\/\/goo.gl\/forms\/BLpQ7NjzipIxusg73\" target=\"_blank\" rel=\"noopener noreferrer\">Competencias Ciudadanas &#8211; Salida 09<\/a><br \/>\n<a href=\"https:\/\/goo.gl\/forms\/fuemLvPkbWeB15AB3\" target=\"_blank\" rel=\"noopener noreferrer\">Ingl\u00e9s &#8211;\u00a0Salida 10<\/a><br \/>\n<a href=\"https:\/\/goo.gl\/forms\/FhyTNnwGObroSP742\" target=\"_blank\" rel=\"noopener noreferrer\">Lectura Cr\u00edtica &#8211; Salida 11<\/a><br \/>\n<a href=\"https:\/\/goo.gl\/forms\/KhcxRn9xKcailWiG2\" target=\"_blank\" rel=\"noopener noreferrer\">Matem\u00e1ticas &#8211; \u00a0Salida 12<\/a><br \/>\n<a href=\"https:\/\/docs.google.com\/forms\/d\/e\/1FAIpQLScGOH6fY8ywqww5kdUipXCoqMqzrfyoJ79WLAu4PpXtuILBHA\/viewform\" target=\"_blank\" rel=\"noopener noreferrer\">Ciencias Naturales \u00a0&#8211; Salida 13<\/a><br \/>\n<a href=\"https:\/\/docs.google.com\/forms\/d\/e\/1FAIpQLSef3FkQQSUWzj0aRg_J-54WHNOrbDrxjF-qSbpOy3ah3Mr_eQ\/viewform\" target=\"_blank\" rel=\"noopener noreferrer\">Competencias Ciudadanas \u00a0&#8211; Salida 14<\/a><br \/>\n<a href=\"https:\/\/docs.google.com\/forms\/d\/e\/1FAIpQLSePN3DbKTTK6rd-aCqQYR9sIc0rkflfEZEY_2oDs1ME8Gj6zw\/viewform\" target=\"_blank\" rel=\"noopener noreferrer\">Lectura Cr\u00edtica &#8211; Salida 16<\/a><br \/>\n<a href=\"https:\/\/docs.google.com\/forms\/d\/e\/1FAIpQLSfzODx3IurJfTC5o4UxJsL_UH9kFqlewL8oRCCSw8r0c2cQwA\/viewform\" target=\"_blank\" rel=\"noopener noreferrer\">Matem\u00e1ticas &#8211;\u00a0Salida 17<\/a><br \/>\n<a href=\"https:\/\/docs.google.com\/forms\/d\/e\/1FAIpQLSdxSmDOQNMSpyIEb_KpxeWo59TZMXdrLqZjPFmeA5qADjK79w\/viewform\" target=\"_blank\" rel=\"noopener noreferrer\">Ciencias Naturales \u00a0&#8211; Salida 18<\/a><br \/>\n<a href=\"https:\/\/docs.google.com\/forms\/d\/e\/1FAIpQLScm9MCrBU0km3iKJecUDgDCXkwRTQ6SiRdZRweb5ArPrYJ4Gg\/viewform\" target=\"_blank\" rel=\"noopener noreferrer\">Competencias Ciudadanas &#8211; Salida 19<\/a><br \/>\n<a href=\"https:\/\/docs.google.com\/forms\/d\/e\/1FAIpQLSfYGR4b4RFrXxXjtLg-w1UNcm47js7XVJS7lXRm-drsuisJoQ\/viewform\" target=\"_blank\" rel=\"noopener noreferrer\">Ingl\u00e9s &#8211; Salida\u00a020<\/a><\/p>\n<p><strong>GU\u00cdA ACAD\u00c9MICA<\/strong><\/p>\n<p><a href=\"https:\/\/docs.google.com\/forms\/d\/e\/1FAIpQLSe9xrNy3uumRWoBWR8NRbEjoxgHAR04mwWenfm2dpkrEY6nJw\/viewform\" target=\"_blank\" rel=\"noopener noreferrer\">Matem\u00e1ticas &#8211; Gu\u00eda Acad\u00e9mica (24p)<\/a><\/p>\n<p>LINKS PARA INGRESAR A LAS PRUEBAS SABER, MATERIAL DE<\/p>\n<p>APOYO Y SIMULACROS VIRTUALES:<\/p>\n<p>PRUEBA DIAGNOSTICA DE LENGUAJE Y MATEM\u00c1TICAS PARA 3\u00b0:<\/p>\n<p><a href=\"http:\/\/www.todosaaprender.co\/PDFs\/3g201301.pdf\" target=\"_blank\" rel=\"noopener noreferrer\">http:\/\/www.todosaaprender.co\/PDFs\/3g201301.pdf<\/a><\/p>\n<p><a href=\"http:\/\/www.todosaaprender.co\/PDFs\/3g201301.pdf\" target=\"_blank\" rel=\"noopener noreferrer\">http:\/\/www.todosaaprender.co\/PDFs\/3g201201.pdf<\/a><\/p>\n<p><a href=\"http:\/\/www.todosaaprender.co\/PDFs\/3g201301.pdf\" target=\"_blank\" rel=\"noopener noreferrer\">http:\/\/www.todosaaprender.co\/PDFs\/3g201302.pdf<\/a><\/p>\n<p>PRUEBA DIAGNOSTICA DE LENGUAJE Y MATEM\u00c1TICAS PARA 5\u00b0:<\/p>\n<p><a href=\"http:\/\/www.www.todosaaprender.co\/PDFs\/5g201201.pdf\" target=\"_blank\" rel=\"noopener noreferrer\">http:\/\/www.todosaaprender.co\/PDFs\/5g201201.pdf<\/a><\/p>\n<p><a href=\"http:\/\/www.todosaaprender.co\/PDFs\/5g201301.pdf\" target=\"_blank\" rel=\"noopener noreferrer\">http:\/\/www.todosaaprender.co\/PDFs\/5g201301.pdf<\/a><\/p>\n<p><a href=\"http:\/\/www.todosaaprender.co\/PDFs\/5g201302.pdf\" target=\"_blank\" rel=\"noopener noreferrer\">http:\/\/www.todosaaprender.co\/PDFs\/5g201302.pdf<\/a><\/p>\n<p>SIMULADORES DE PRUEBAS SABER:<\/p>\n<p><a href=\"http:\/\/simulacroicfes.com\" target=\"_blank\" rel=\"noopener noreferrer\">http:\/\/simulacroicfes.com\/<\/a><\/p>\n","protected":false},"excerpt":{"rendered":"<p>FORMULARIOS ICFES (sitio oficial) Ciencias Naturales I (1 &ndash; 24) Ciencias Naturales I (25 &ndash; 49) Ciencias Sociales (GA) &nbsp; SIMULACROS PRUEBAS SABER 11 &ndash; REPILOS EL TIEMPO Lectura cr&iacute;tica &ndash; &nbsp;Salida 01 Matem&aacute;ticas &ndash; &nbsp;Salida 02 Ciencias Naturales &ndash; &hellip; <a href=\"https:\/\/eudorogranada.edu.co\/?page_id=172\">Sigue leyendo <span class=\"meta-nav\">&rarr;<\/span><\/a><\/p>\n","protected":false},"author":1,"featured_media":0,"parent":0,"menu_order":0,"comment_status":"closed","ping_status":"open","template":"","meta":{"footnotes":""},"class_list":["post-172","page","type-page","status-publish","hentry"],"_links":{"self":[{"href":"https:\/\/eudorogranada.edu.co\/index.php?rest_route=\/wp\/v2\/pages\/172","targetHints":{"allow":["GET"]}}],"collection":[{"href":"https:\/\/eudorogranada.edu.co\/index.php?rest_route=\/wp\/v2\/pages"}],"about":[{"href":"https:\/\/eudorogranada.edu.co\/index.php?rest_route=\/wp\/v2\/types\/page"}],"author":[{"embeddable":true,"href":"https:\/\/eudorogranada.edu.co\/index.php?rest_route=\/wp\/v2\/users\/1"}],"replies":[{"embeddable":true,"href":"https:\/\/eudorogranada.edu.co\/index.php?rest_route=%2Fwp%2Fv2%2Fcomments&post=172"}],"version-history":[{"count":31,"href":"https:\/\/eudorogranada.edu.co\/index.php?rest_route=\/wp\/v2\/pages\/172\/revisions"}],"predecessor-version":[{"id":1779,"href":"https:\/\/eudorogranada.edu.co\/index.php?rest_route=\/wp\/v2\/pages\/172\/revisions\/1779"}],"wp:attachment":[{"href":"https:\/\/eudorogranada.edu.co\/index.php?rest_route=%2Fwp%2Fv2%2Fmedia&parent=172"}],"curies":[{"name":"wp","href":"https:\/\/api.w.org\/{rel}","templated":true}]}}