{"id":169,"date":"2016-01-22T09:33:58","date_gmt":"2016-01-22T14:33:58","guid":{"rendered":"http:\/\/eudorogranada.edu.co\/?page_id=169"},"modified":"2025-11-25T10:54:30","modified_gmt":"2025-11-25T15:54:30","slug":"sistema-institucional-de-evaluacion-escolar","status":"publish","type":"page","link":"https:\/\/eudorogranada.edu.co\/?page_id=169","title":{"rendered":"SISTEMA INSTITUCIONAL EVALUACION DE ESTUDIANTES"},"content":{"rendered":"<p>POR MEDIO DEL CUAL SE ADOPTA EL SISTEMA INSTITUCIONAL DE EVALUACI\u00d3N DE LOS ESTUDIANTES DE LOS NIVELES DE EDUCACI\u00d3N B\u00c1SICA Y MEDIA DE LA INSTITUCI\u00d3N EDUCATIVA EUDORO GRANADA<\/p>\n<p><iframe loading=\"lazy\" src=\"https:\/\/drive.google.com\/file\/d\/1ckAQEOHlxUUjOzbhtOt-KTV7sa1clmxB\/preview\" width=\"500\" height=\"600\" allow=\"autoplay\"><\/iframe><br \/>\n<a href=\"https:\/\/drive.google.com\/file\/d\/1ckAQEOHlxUUjOzbhtOt-KTV7sa1clmxB\/preview\" target=\"_blank\" rel=\"noopener\">Ver Sistema Institucional de Evaluaci\u00f3n de estudiantes 2026<\/a><\/p>\n","protected":false},"excerpt":{"rendered":"<p>POR MEDIO DEL CUAL SE ADOPTA EL SISTEMA INSTITUCIONAL DE EVALUACI&Oacute;N DE LOS ESTUDIANTES DE LOS NIVELES DE EDUCACI&Oacute;N B&Aacute;SICA Y MEDIA DE LA INSTITUCI&Oacute;N EDUCATIVA EUDORO GRANADA Ver Sistema Institucional de Evaluaci&oacute;n de estudiantes 2026<\/p>\n","protected":false},"author":1,"featured_media":0,"parent":0,"menu_order":0,"comment_status":"closed","ping_status":"open","template":"","meta":{"footnotes":""},"class_list":["post-169","page","type-page","status-publish","hentry"],"_links":{"self":[{"href":"https:\/\/eudorogranada.edu.co\/index.php?rest_route=\/wp\/v2\/pages\/169","targetHints":{"allow":["GET"]}}],"collection":[{"href":"https:\/\/eudorogranada.edu.co\/index.php?rest_route=\/wp\/v2\/pages"}],"about":[{"href":"https:\/\/eudorogranada.edu.co\/index.php?rest_route=\/wp\/v2\/types\/page"}],"author":[{"embeddable":true,"href":"https:\/\/eudorogranada.edu.co\/index.php?rest_route=\/wp\/v2\/users\/1"}],"replies":[{"embeddable":true,"href":"https:\/\/eudorogranada.edu.co\/index.php?rest_route=%2Fwp%2Fv2%2Fcomments&post=169"}],"version-history":[{"count":31,"href":"https:\/\/eudorogranada.edu.co\/index.php?rest_route=\/wp\/v2\/pages\/169\/revisions"}],"predecessor-version":[{"id":4011,"href":"https:\/\/eudorogranada.edu.co\/index.php?rest_route=\/wp\/v2\/pages\/169\/revisions\/4011"}],"wp:attachment":[{"href":"https:\/\/eudorogranada.edu.co\/index.php?rest_route=%2Fwp%2Fv2%2Fmedia&parent=169"}],"curies":[{"name":"wp","href":"https:\/\/api.w.org\/{rel}","templated":true}]}}