{"id":1659,"date":"2019-02-05T11:14:00","date_gmt":"2019-02-05T16:14:00","guid":{"rendered":"http:\/\/eudorogranada.edu.co\/?page_id=1659"},"modified":"2025-03-17T09:32:55","modified_gmt":"2025-03-17T14:32:55","slug":"gobierno-escolar","status":"publish","type":"page","link":"https:\/\/eudorogranada.edu.co\/?page_id=1659","title":{"rendered":"GOBIERNO ESCOLAR"},"content":{"rendered":"<p>CONFORMACI\u00d3N DEL GOBIERNO ESCOLAR 2025<br \/>La Ley 115 en su art\u00edculo 142, habla de la Conformaci\u00f3n del Gobierno Escolar as\u00ed:<br \/>\u201cARTICULO 142. Conformaci\u00f3n del gobierno escolar. Cada establecimiento educativo del Estado tendr\u00e1 un gobierno escolar conformado por el Rector, el Consejo Directivo y el Consejo Acad\u00e9mico\u201d.<br \/>En la Instituci\u00f3n Educativa Eudoro Granada, la definici\u00f3n y funciones de cada uno de los estamentos que conforman el Gobierno Escolar est\u00e1n explicadas en las respectivas\u00a0Resoluciones mediante las cuales se conforman.<\/p>\n<p><a href=\"http:\/\/eudorogranada.edu.co\/wp-content\/uploads\/2020\/06\/GOBIERNO-ESCOLAR-2020.pdf\" target=\"_blank\" rel=\"noopener noreferrer\">Gobierno escolar 2025<\/a><\/p>\n<p><a href=\"http:\/\/eudorogranada.edu.co\/wp-content\/uploads\/2020\/06\/OTROS-ESTAMENTOS-2020.pdf\" target=\"_blank\" rel=\"noopener noreferrer\">Otros estamentos 2025<\/a><\/p>\n\n\n<p><\/p>\n<div class=\"pvc_clear\"><\/div><p class=\"pvc_stats \" data-element-id=\"1659\" style=\"\"><i class=\"fa fa-bar-chart pvc-stats-icon medium\" aria-hidden=\"true\"><\/i> 1,614&nbsp;total views, 1&nbsp;views today<\/p><div class=\"pvc_clear\"><\/div>","protected":false},"excerpt":{"rendered":"<p>CONFORMACI&Oacute;N DEL GOBIERNO ESCOLAR 2025La Ley 115 en su art&iacute;culo 142, habla de la Conformaci&oacute;n del Gobierno Escolar as&iacute;:&ldquo;ARTICULO 142. Conformaci&oacute;n del gobierno escolar. Cada establecimiento educativo del Estado tendr&aacute; un gobierno escolar conformado por el Rector, el Consejo Directivo &hellip; <a href=\"https:\/\/eudorogranada.edu.co\/?page_id=1659\">Sigue leyendo <span class=\"meta-nav\">&rarr;<\/span><\/a><\/p>\n<div class=\"pvc_clear\"><\/div>\n<p class=\"pvc_stats \" data-element-id=\"1659\" style=\"\"><i class=\"fa fa-bar-chart pvc-stats-icon medium\" aria-hidden=\"true\"><\/i> 1,614&nbsp;total views, 1&nbsp;views today<\/p>\n<div class=\"pvc_clear\"><\/div>\n","protected":false},"author":1,"featured_media":0,"parent":0,"menu_order":0,"comment_status":"closed","ping_status":"closed","template":"","meta":{"footnotes":""},"class_list":["post-1659","page","type-page","status-publish","hentry"],"_links":{"self":[{"href":"https:\/\/eudorogranada.edu.co\/index.php?rest_route=\/wp\/v2\/pages\/1659","targetHints":{"allow":["GET"]}}],"collection":[{"href":"https:\/\/eudorogranada.edu.co\/index.php?rest_route=\/wp\/v2\/pages"}],"about":[{"href":"https:\/\/eudorogranada.edu.co\/index.php?rest_route=\/wp\/v2\/types\/page"}],"author":[{"embeddable":true,"href":"https:\/\/eudorogranada.edu.co\/index.php?rest_route=\/wp\/v2\/users\/1"}],"replies":[{"embeddable":true,"href":"https:\/\/eudorogranada.edu.co\/index.php?rest_route=%2Fwp%2Fv2%2Fcomments&post=1659"}],"version-history":[{"count":7,"href":"https:\/\/eudorogranada.edu.co\/index.php?rest_route=\/wp\/v2\/pages\/1659\/revisions"}],"predecessor-version":[{"id":3761,"href":"https:\/\/eudorogranada.edu.co\/index.php?rest_route=\/wp\/v2\/pages\/1659\/revisions\/3761"}],"wp:attachment":[{"href":"https:\/\/eudorogranada.edu.co\/index.php?rest_route=%2Fwp%2Fv2%2Fmedia&parent=1659"}],"curies":[{"name":"wp","href":"https:\/\/api.w.org\/{rel}","templated":true}]}}