{"id":163,"date":"2016-01-22T09:08:40","date_gmt":"2016-01-22T14:08:40","guid":{"rendered":"http:\/\/eudorogranada.edu.co\/?page_id=163"},"modified":"2025-11-25T10:45:00","modified_gmt":"2025-11-25T15:45:00","slug":"manual-del-pacto-de-convivencia","status":"publish","type":"page","link":"https:\/\/eudorogranada.edu.co\/?page_id=163","title":{"rendered":"MANUAL DEL PACTO DE CONVIVENCIA"},"content":{"rendered":"<p>Este manual de convivencia es el producto del trabajo en equipo por parte de los educadores, las educadoras, padres y madres de familia y se ha dise\u00f1ado para que sea un instrumento regulador de las actuaciones individuales y grupales de sus miembros, fue concebido teniendo en cuenta las pautas de la Constituci\u00f3n Nacional, basada en los derechos humanos, la paz, la convivencia y la democracia.<\/p>\n<p>Todos los miembros activos de la comunidad educativa deben poner en pr\u00e1ctica y regular el ejercicio de las libertades, derechos y deberes de los estudiantes en la instituci\u00f3n p\u00fablica adem\u00e1s deben exigir que la educaci\u00f3n est\u00e9 orientada al desarrollo de la Personalidad y las facultades de los ni\u00f1os, ni\u00f1as y adolescentes prepar\u00e1ndolos para una vida social y laboral activa.<br \/>\n<iframe loading=\"lazy\" src=\"https:\/\/drive.google.com\/file\/d\/1oU5fV37cbrahLierquBXNMTG_i94AEOu\/preview\" width=\"500\" height=\"620\" allow=\"autoplay\"><\/iframe><br \/>\n<a href=\"https:\/\/drive.google.com\/file\/d\/1oU5fV37cbrahLierquBXNMTG_i94AEOu\/view?usp=drive_link\" target=\"_blank\" rel=\"noopener\">Ver Manual de Convivencia 2026<\/a><\/p>\n","protected":false},"excerpt":{"rendered":"<p>Este manual de convivencia es el producto del trabajo en equipo por parte de los educadores, las educadoras, padres y madres de familia y se ha dise&ntilde;ado para que sea un instrumento regulador de las actuaciones individuales y grupales de &hellip; <a href=\"https:\/\/eudorogranada.edu.co\/?page_id=163\">Sigue leyendo <span class=\"meta-nav\">&rarr;<\/span><\/a><\/p>\n","protected":false},"author":1,"featured_media":0,"parent":0,"menu_order":0,"comment_status":"closed","ping_status":"open","template":"","meta":{"footnotes":""},"class_list":["post-163","page","type-page","status-publish","hentry"],"_links":{"self":[{"href":"https:\/\/eudorogranada.edu.co\/index.php?rest_route=\/wp\/v2\/pages\/163","targetHints":{"allow":["GET"]}}],"collection":[{"href":"https:\/\/eudorogranada.edu.co\/index.php?rest_route=\/wp\/v2\/pages"}],"about":[{"href":"https:\/\/eudorogranada.edu.co\/index.php?rest_route=\/wp\/v2\/types\/page"}],"author":[{"embeddable":true,"href":"https:\/\/eudorogranada.edu.co\/index.php?rest_route=\/wp\/v2\/users\/1"}],"replies":[{"embeddable":true,"href":"https:\/\/eudorogranada.edu.co\/index.php?rest_route=%2Fwp%2Fv2%2Fcomments&post=163"}],"version-history":[{"count":25,"href":"https:\/\/eudorogranada.edu.co\/index.php?rest_route=\/wp\/v2\/pages\/163\/revisions"}],"predecessor-version":[{"id":4009,"href":"https:\/\/eudorogranada.edu.co\/index.php?rest_route=\/wp\/v2\/pages\/163\/revisions\/4009"}],"wp:attachment":[{"href":"https:\/\/eudorogranada.edu.co\/index.php?rest_route=%2Fwp%2Fv2%2Fmedia&parent=163"}],"curies":[{"name":"wp","href":"https:\/\/api.w.org\/{rel}","templated":true}]}}