{"id":1345,"date":"2018-07-16T07:31:52","date_gmt":"2018-07-16T12:31:52","guid":{"rendered":"http:\/\/eudorogranada.edu.co\/?page_id=1345"},"modified":"2025-11-26T09:27:51","modified_gmt":"2025-11-26T14:27:51","slug":"proyecto-educativo-institucional","status":"publish","type":"page","link":"https:\/\/eudorogranada.edu.co\/?page_id=1345","title":{"rendered":"PROYECTO EDUCATIVO INSTITUCIONAL"},"content":{"rendered":"<p>El Proyecto Educativo Institucional (PEI) es el principio ordenador de las instituciones Educativas, en \u00e9l est\u00e1 plasmado el marco te\u00f3rico bajo el cual surgen los objetivos pedag\u00f3gicos; aqu\u00ed se presenta la \u00abVisi\u00f3n\u00bb de la Instituci\u00f3n, es decir, la propuesta a futuro, la mirada hacia el horizonte. Es la carta de navegaci\u00f3n de las escuelas y colegios, en donde se especifican entre otros aspectos los principios y fines del establecimiento, los recursos docentes y did\u00e1cticos disponibles y necesarios, la estrategia pedag\u00f3gica, el reglamento para docentes y estudiantes y el sistema de gesti\u00f3n. Seg\u00fan el art\u00edculo 2.3.3.1.4.1 del Decreto 1075 de 2015, toda instituci\u00f3n educativa debe elaborar y poner en pr\u00e1ctica con la participaci\u00f3n de la comunidad educativa, un proyecto educativo institucional que exprese la forma como se ha decidido alcanzar los fines de la educaci\u00f3n definidos por la ley, teniendo en cuenta las condiciones sociales, econ\u00f3micas y culturales de su medio. .El proyecto educativo institucional debe responder a situaciones y necesidades de los educandos, de la comunidad local, de la regi\u00f3n y del pa\u00eds, ser concreto, factible y evaluable.<br \/>\n<iframe loading=\"lazy\" src=\"https:\/\/drive.google.com\/file\/d\/1ZVW05EsJvQSnDPGIjmREspH8I3S955Xq\/preview\" width=\"500\" height=\"600\" allow=\"autoplay\"><\/iframe><br \/>\n<a href=\"https:\/\/drive.google.com\/file\/d\/1ZVW05EsJvQSnDPGIjmREspH8I3S955Xq\/preview\" target=\"_blank\" rel=\"noopener\">Ver Proyecto Educativo Institucional 2026<\/a><\/p>\n","protected":false},"excerpt":{"rendered":"<p>El Proyecto Educativo Institucional (PEI) es el principio ordenador de las instituciones Educativas, en &eacute;l est&aacute; plasmado el marco te&oacute;rico bajo el cual surgen los objetivos pedag&oacute;gicos; aqu&iacute; se presenta la &laquo;Visi&oacute;n&raquo; de la Instituci&oacute;n, es decir, la propuesta a &hellip; <a href=\"https:\/\/eudorogranada.edu.co\/?page_id=1345\">Sigue leyendo <span class=\"meta-nav\">&rarr;<\/span><\/a><\/p>\n","protected":false},"author":1,"featured_media":0,"parent":0,"menu_order":0,"comment_status":"closed","ping_status":"closed","template":"","meta":{"footnotes":""},"class_list":["post-1345","page","type-page","status-publish","hentry"],"_links":{"self":[{"href":"https:\/\/eudorogranada.edu.co\/index.php?rest_route=\/wp\/v2\/pages\/1345","targetHints":{"allow":["GET"]}}],"collection":[{"href":"https:\/\/eudorogranada.edu.co\/index.php?rest_route=\/wp\/v2\/pages"}],"about":[{"href":"https:\/\/eudorogranada.edu.co\/index.php?rest_route=\/wp\/v2\/types\/page"}],"author":[{"embeddable":true,"href":"https:\/\/eudorogranada.edu.co\/index.php?rest_route=\/wp\/v2\/users\/1"}],"replies":[{"embeddable":true,"href":"https:\/\/eudorogranada.edu.co\/index.php?rest_route=%2Fwp%2Fv2%2Fcomments&post=1345"}],"version-history":[{"count":22,"href":"https:\/\/eudorogranada.edu.co\/index.php?rest_route=\/wp\/v2\/pages\/1345\/revisions"}],"predecessor-version":[{"id":4018,"href":"https:\/\/eudorogranada.edu.co\/index.php?rest_route=\/wp\/v2\/pages\/1345\/revisions\/4018"}],"wp:attachment":[{"href":"https:\/\/eudorogranada.edu.co\/index.php?rest_route=%2Fwp%2Fv2%2Fmedia&parent=1345"}],"curies":[{"name":"wp","href":"https:\/\/api.w.org\/{rel}","templated":true}]}}