{"id":13,"date":"2015-04-10T22:33:35","date_gmt":"2015-04-10T22:33:35","guid":{"rendered":"http:\/\/eudorogranada.edu.co\/?page_id=13"},"modified":"2024-01-17T11:48:41","modified_gmt":"2024-01-17T16:48:41","slug":"mision-y-vision","status":"publish","type":"page","link":"https:\/\/eudorogranada.edu.co\/?page_id=13","title":{"rendered":"MISION Y VISION 2024 &#8211; 2027"},"content":{"rendered":"<p><strong>MISION<\/strong><\/p>\n<p>La Instituci\u00f3n Educativa Eudoro Granada es una entidad de car\u00e1cter oficial, incluyente, que propende por una formaci\u00f3n integral; generando conocimientos y respondiendo de manera pertinente a las necesidades y expectativas del contexto social.<\/p>\n<p><strong>VISION<\/strong><\/p>\n<p>Para el a\u00f1o 2027 la Instituci\u00f3n Educativa Eudoro Granada ser\u00e1 un referente a nivel local, reconociendo y garantizando el derecho a la educaci\u00f3n, que potencie las capacidades diversas en la comunidad educativa que permita construir ciudadanos \u00e9ticos competentes y con habilidades sociales para la transformaci\u00f3n de su entorno.<\/p>\n","protected":false},"excerpt":{"rendered":"<p>MISION La Instituci&oacute;n Educativa Eudoro Granada es una entidad de car&aacute;cter oficial, incluyente, que propende por una formaci&oacute;n integral; generando conocimientos y respondiendo de manera pertinente a las necesidades y expectativas del contexto social. VISION Para el a&ntilde;o 2027 la &hellip; <a href=\"https:\/\/eudorogranada.edu.co\/?page_id=13\">Sigue leyendo <span class=\"meta-nav\">&rarr;<\/span><\/a><\/p>\n","protected":false},"author":1,"featured_media":0,"parent":0,"menu_order":0,"comment_status":"closed","ping_status":"open","template":"","meta":{"footnotes":""},"class_list":["post-13","page","type-page","status-publish","hentry"],"_links":{"self":[{"href":"https:\/\/eudorogranada.edu.co\/index.php?rest_route=\/wp\/v2\/pages\/13","targetHints":{"allow":["GET"]}}],"collection":[{"href":"https:\/\/eudorogranada.edu.co\/index.php?rest_route=\/wp\/v2\/pages"}],"about":[{"href":"https:\/\/eudorogranada.edu.co\/index.php?rest_route=\/wp\/v2\/types\/page"}],"author":[{"embeddable":true,"href":"https:\/\/eudorogranada.edu.co\/index.php?rest_route=\/wp\/v2\/users\/1"}],"replies":[{"embeddable":true,"href":"https:\/\/eudorogranada.edu.co\/index.php?rest_route=%2Fwp%2Fv2%2Fcomments&post=13"}],"version-history":[{"count":8,"href":"https:\/\/eudorogranada.edu.co\/index.php?rest_route=\/wp\/v2\/pages\/13\/revisions"}],"predecessor-version":[{"id":3560,"href":"https:\/\/eudorogranada.edu.co\/index.php?rest_route=\/wp\/v2\/pages\/13\/revisions\/3560"}],"wp:attachment":[{"href":"https:\/\/eudorogranada.edu.co\/index.php?rest_route=%2Fwp%2Fv2%2Fmedia&parent=13"}],"curies":[{"name":"wp","href":"https:\/\/api.w.org\/{rel}","templated":true}]}}